{"id":110874,"date":"2025-05-19T06:09:29","date_gmt":"2025-05-19T06:09:29","guid":{"rendered":"https:\/\/realestatebulk.com\/sell\/"},"modified":"2025-12-15T13:49:39","modified_gmt":"2025-12-15T13:49:39","slug":"sell","status":"publish","type":"page","link":"https:\/\/realestatebulk.com\/es\/sell\/","title":{"rendered":"Vender"},"content":{"rendered":"\n<section class=\"hero\">\n<div class=\"container-full\">\n<div class=\"row g-0 align-items-center flex-row-reverse\">\n<div class=\"col-lg\">\n<div class=\"overflow-hidden\">\n\n    \n        <img loading=\"lazy\" decoding=\"async\" data-speed=\"auto\" style=\"scale: 110%;\"\n                        src=\"https:\/\/realestatebulk.com\/wp-content\/uploads\/2025\/12\/Foto-Sergio-Villa-horizontal.png\"\n            width=\"1248\"\n            height=\"832\"\n            class=' w-100 vh-50 vh-lg-75 vh-xxl-100 object-fit-cover'             \/>\n\n        \n<\/div>\n<\/div>\n\n\n\n<div class=\"col-lg-5 col-xxl-4\">\n<div class=\"position-relative z-1 ms-lg-100 ms-xxl-200 pt-50 px-30 p-lg-0\" style=\"max-width: 50ch; text-wrap: balance;\">\n<h2 class=\"font-size--100 lh-sm\">\u00bfListo para vender?<\/h2>\n<\/div>\n<\/div>\n<\/div>\n<\/div>\n<\/section>\n\n\n\n<section    class='py-110'    >\n    \n\n<div    class='container'    >\n    \n\n<div    class='row'    >\n    \n\n<div    class='col-12'    >\n    \n\n<h1 class=\"font-size--100\">Por qu\u00e9 vender su propiedad con Bulk Real Estate<\/h1>\n\n\n\n<p class=\"font-size--18\">En <strong>Bulk Real Estate<\/strong>, entendemos que vender una propiedad es m\u00e1s que una simple transacci\u00f3n, es un hito importante que requiere orientaci\u00f3n experta, confianza y un enfoque personalizado. Por eso cuidamos cada detalle, desde el primer momento, para asegurarnos de que su propiedad se venda de forma r\u00e1pida, eficiente y al mejor precio posible.<\/p>\n\n\n\n<p class=\"font-size--18\">Nuestro equipo combina una amplia experiencia en el mercado inmobiliario con una mentalidad centrada en el cliente para ofrecer resultados que superen las expectativas. Si usted est\u00e1 buscando para maximizar el valor de su propiedad, navegar por las complejidades legales de una venta, o simplemente ahorrar tiempo y esfuerzo, estamos aqu\u00ed para manejar todo.<\/p>\n\n\n<\/div>\n\n<\/div>\n\n<\/div>\n\n<\/section>\n\n\n<section    class='bg-white'    >\n    \n\n<div    class='container py-110'    >\n    \n\n<div    class='row g-60'    >\n    \n\n<div    class='col-xl-6'    >\n    \n\n<h1 class=\"font-size--40\">\u00bfQuiere saber el valor de su propiedad?<\/h1>\n\n\n\n<p class=\"font-size--18\">Utilice nuestra herramienta de valoraci\u00f3n gratuita, \u00a1le llevar\u00e1 menos de 2 minutos!<\/p>\n\n\n<\/div>\n\n\n<div    class='col-xl-6 d-flex justify-content-end'    >\n    \n\n\n    \n        \n        \n            <a\n                href='\/es\/valoracion-gratuita\/'                                class='btn btn-bulk font-size--25'                >\n                Hacer mi valoraci\u00f3n            <\/a>\n\n        \n    \n    \n\n<\/div>\n\n<\/div>\n\n<\/div>\n\n\n\n    \n        <img loading=\"lazy\" decoding=\"async\"\n                        src=\"https:\/\/realestatebulk.com\/wp-content\/uploads\/2025\/08\/Terraza-4-scaled.jpg\"\n            width=\"2560\"\n            height=\"1187\"\n            class='w-100 h-auto object-fit-cover'             \/>\n\n        \n\n\n<\/section>\n\n\n<section    class='py-110'    >\n    \n\n<div    class='container'    >\n    \n\n<div    class='row mb-60'    >\n    \n\n<div    class='col-xl-8'    >\n    \n\n<h2 class=\"font-size--100\">10 razones para vender con nosotros<\/h2>\n\n\n<\/div>\n\n<\/div>\n\n\n<div    class='row'    >\n    \n\n<div    class='col-xl-6 mb-20'    >\n    \n\n<div    class='bg-white p-40  min-h-100'    >\n    \n\n<div    class='row'    >\n    \n\n<div    class='col-auto'    >\n    \n\n<h2 class=\"font-size--100 lh-1\">1<\/h2>\n\n\n<\/div>\n\n\n<div    class='col'    >\n    \n\n<h2 class=\"font-size--40\">Valoraci\u00f3n profesional<\/h2>\n\n\n\n<p>An\u00e1lisis comparativo del mercado (ACM): Proporcionamos una valoraci\u00f3n precisa y detallada de su propiedad basada en datos reales de ventas en su zona. Esto nos permite fijar un precio competitivo que maximice su beneficio sin retrasar la venta.<\/p>\n\n\n<\/div>\n\n<\/div>\n\n<\/div>\n\n<\/div>\n\n\n<div    class='col-xl-6 mb-20'    >\n    \n\n<div    class='bg-white p-40  min-h-100'    >\n    \n\n<div    class='row'    >\n    \n\n<div    class='col-auto'    >\n    \n\n<h2 class=\"font-size--100 lh-1\">2<\/h2>\n\n\n<\/div>\n\n\n<div    class='col'    >\n    \n\n<h2 class=\"font-size--40\">Presentaci\u00f3n de la propiedad<\/h2>\n\n\n\n<p>Home Staging: Preparamos y decoramos estrat\u00e9gicamente su vivienda para hacerla m\u00e1s atractiva a los posibles compradores, resaltando sus mejores caracter\u00edsticas y creando un ambiente acogedor.<\/p>\n\n\n<\/div>\n\n<\/div>\n\n<\/div>\n\n<\/div>\n\n\n<div    class='col-xl-6 mb-20'    >\n    \n\n<div    class='bg-white p-40  min-h-100'    >\n    \n\n<div    class='row'    >\n    \n\n<div    class='col-auto'    >\n    \n\n<h2 class=\"font-size--100 lh-1\">3<\/h2>\n\n\n<\/div>\n\n\n<div    class='col'    >\n    \n\n<h2 class=\"font-size--40\">M\u00e1xima visibilidad<\/h2>\n\n\n\n<p>Marketing online y offline: Dise\u00f1amos una estrategia de marketing integral que incluye publicidad en los principales portales inmobiliarios, redes sociales, publicidad local, marketing por correo electr\u00f3nico, su propiedad destacada en nuestro sitio web e incluso publicaciones impresas si es necesario.<\/p>\n\n\n<\/div>\n\n<\/div>\n\n<\/div>\n\n<\/div>\n\n\n<div    class='col-xl-6 mb-20'    >\n    \n\n<div    class='bg-white p-40  min-h-100'    >\n    \n\n<div    class='row'    >\n    \n\n<div    class='col-auto'    >\n    \n\n<h2 class=\"font-size--100 lh-1\">4<\/h2>\n\n\n<\/div>\n\n\n<div    class='col'    >\n    \n\n<h2 class=\"font-size--40\">Foto y v\u00eddeo<\/h2>\n\n\n\n<p>Fotograf\u00eda profesional y visitas virtuales: Organizamos sesiones fotogr\u00e1ficas de alta calidad y creamos v\u00eddeos de su propiedad para maximizar su atractivo visual. Adem\u00e1s, nuestras visitas virtuales permiten a los compradores explorar la propiedad a distancia.<\/p>\n\n\n<\/div>\n\n<\/div>\n\n<\/div>\n\n<\/div>\n\n\n<div    class='col-xl-6 mb-20'    >\n    \n\n<div    class='bg-white p-40  min-h-100'    >\n    \n\n<div    class='row'    >\n    \n\n<div    class='col-auto'    >\n    \n\n<h2 class=\"font-size--100 lh-1\">5<\/h2>\n\n\n<\/div>\n\n\n<div    class='col'    >\n    \n\n<h2 class=\"font-size--40\">Red de Colaboraci\u00f3n<\/h2>\n\n\n\n<p>Agencias colaboradoras: Colaboramos con m\u00e1s de 1.500 agencias en toda la Costa del Sol para asegurar que su propiedad se venda lo m\u00e1s r\u00e1pido posible.<\/p>\n\n\n<\/div>\n\n<\/div>\n\n<\/div>\n\n<\/div>\n\n\n<div    class='col-xl-6 mb-20'    >\n    \n\n<div    class='bg-white p-40  min-h-100'    >\n    \n\n<div    class='row'    >\n    \n\n<div    class='col-auto'    >\n    \n\n<h2 class=\"font-size--100 lh-1\">6<\/h2>\n\n\n<\/div>\n\n\n<div    class='col'    >\n    \n\n<h2 class=\"font-size--40\">Gesti\u00f3n completa<\/h2>\n\n\n\n<p>Apoyo jur\u00eddico y administrativo: Nos encargamos de todos los aspectos legales y burocr\u00e1ticos de la venta, desde la recopilaci\u00f3n de documentaci\u00f3n y la negociaci\u00f3n con los compradores hasta la firma final.<\/p>\n\n\n<\/div>\n\n<\/div>\n\n<\/div>\n\n<\/div>\n\n\n<div    class='col-xl-6 mb-20'    >\n    \n\n<div    class='bg-white p-40  min-h-100'    >\n    \n\n<div    class='row'    >\n    \n\n<div    class='col-auto'    >\n    \n\n<h2 class=\"font-size--100 lh-1\">7<\/h2>\n\n\n<\/div>\n\n\n<div    class='col'    >\n    \n\n<h2 class=\"font-size--40\">Actualizaciones en curso<\/h2>\n\n\n\n<p>Informes peri\u00f3dicos: Proporcionamos actualizaciones peri\u00f3dicas sobre el estado de su venta, incluidos los comentarios de las visitas, los comentarios de los compradores interesados y las ofertas recibidas. Tendr\u00e1 total transparencia durante todo el proceso.<\/p>\n\n\n<\/div>\n\n<\/div>\n\n<\/div>\n\n<\/div>\n\n\n<div    class='col-xl-6 mb-20'    >\n    \n\n<div    class='bg-white p-40  min-h-100'    >\n    \n\n<div    class='row'    >\n    \n\n<div    class='col-auto'    >\n    \n\n<h2 class=\"font-size--100 lh-1\">8<\/h2>\n\n\n<\/div>\n\n\n<div    class='col'    >\n    \n\n<h2 class=\"font-size--40\">Exclusividad<\/h2>\n\n\n\n<p>Mayor inversi\u00f3n en marketing: Al firmar un contrato de exclusividad con nosotros, nos comprometemos a destinar m\u00e1s recursos a la promoci\u00f3n de su propiedad, incluyendo campa\u00f1as de pago y colaboraciones con otros agentes.<\/p>\n\n\n<\/div>\n\n<\/div>\n\n<\/div>\n\n<\/div>\n\n\n<div    class='col-xl-6 mb-20'    >\n    \n\n<div    class='bg-white p-40  min-h-100'    >\n    \n\n<div    class='row'    >\n    \n\n<div    class='col-auto'    >\n    \n\n<h2 class=\"font-size--100 lh-1\">9<\/h2>\n\n\n<\/div>\n\n\n<div    class='col'    >\n    \n\n<h2 class=\"font-size--40\">Satisfacci\u00f3n<\/h2>\n\n\n\n<p>Plazo m\u00e1ximo de venta: Garantizamos un periodo m\u00e1ximo de venta una vez que hayamos proporcionado nuestra valoraci\u00f3n, siempre que tengamos un acuerdo de exclusividad en vigor.<\/p>\n\n\n<\/div>\n\n<\/div>\n\n<\/div>\n\n<\/div>\n\n\n<div    class='col-xl-6 mb-20'    >\n    \n\n<div    class='bg-white p-40  min-h-100'    >\n    \n\n<div    class='row'    >\n    \n\n<div    class='col-auto'    >\n    \n\n<h2 class=\"font-size--100 lh-1\">10<\/h2>\n\n\n<\/div>\n\n\n<div    class='col'    >\n    \n\n<h2 class=\"font-size--40\">Asesoramiento personalizado<\/h2>\n\n\n\n<p>Plan de acci\u00f3n a medida: Desarrollamos una estrategia personalizada en funci\u00f3n de las necesidades de cada propietario, adaptando nuestros servicios a sus objetivos y garantizando una venta exitosa y sin complicaciones.<\/p>\n\n\n<\/div>\n\n<\/div>\n\n<\/div>\n\n<\/div>\n\n<\/div>\n\n<\/div>\n\n<\/section>\n\n\n<section    class='bg-white'    >\n    \n\n<div    class='container py-110'    >\n    \n\n<div    class='row g-60'    >\n    \n\n<div    class='col-xl-6'    >\n    \n\n<h1 class=\"font-size--40\">\u00bfListo para vender su casa?<\/h1>\n\n\n\n<p class=\"font-size--18\">Descubra ahora el valor real de su vivienda con nuestra herramienta de valoraci\u00f3n gratuita y superf\u00e1cil, \u00a1se hace en menos de 2 minutos!<\/p>\n\n\n<\/div>\n\n\n<div    class='col-xl-6 d-flex justify-content-end'    >\n    \n\n\n    \n        \n        \n            <a\n                href='\/es\/valoracion-gratuita\/'                                class='btn btn-bulk font-size--25'                >\n                Vendamos tu propiedad            <\/a>\n\n        \n    \n    \n\n<\/div>\n\n<\/div>\n\n<\/div>\n\n<\/section>\n\n\n\n    <h2>\n            <\/h2>\n","protected":false},"excerpt":{"rendered":"<p>\u00bfListo para vender?<\/p>\n","protected":false},"author":1,"featured_media":0,"parent":0,"menu_order":0,"comment_status":"closed","ping_status":"closed","template":"","meta":{"content-type":"","footnotes":""},"page-category":[],"class_list":["post-110874","page","type-page","status-publish","hentry"],"yoast_head":"<!-- This site is optimized with the Yoast SEO plugin v27.2 - https:\/\/yoast.com\/product\/yoast-seo-wordpress\/ -->\n<title>Vender - Bulk Real Estate<\/title>\n<meta name=\"robots\" content=\"index, follow, max-snippet:-1, max-image-preview:large, max-video-preview:-1\" \/>\n<link rel=\"canonical\" href=\"https:\/\/realestatebulk.com\/es\/sell\/\" \/>\n<meta property=\"og:locale\" content=\"es_ES\" \/>\n<meta property=\"og:type\" content=\"article\" \/>\n<meta property=\"og:title\" content=\"Vender - Bulk Real Estate\" \/>\n<meta property=\"og:description\" content=\"\u00bfListo para vender?\" \/>\n<meta property=\"og:url\" content=\"https:\/\/realestatebulk.com\/es\/sell\/\" \/>\n<meta property=\"og:site_name\" content=\"Bulk Real Estate\" \/>\n<meta property=\"article:modified_time\" content=\"2025-12-15T13:49:39+00:00\" \/>\n<meta name=\"twitter:card\" content=\"summary_large_image\" \/>\n<meta name=\"twitter:label1\" content=\"Tiempo de lectura\" \/>\n\t<meta name=\"twitter:data1\" content=\"3 minutos\" \/>\n<script type=\"application\/ld+json\" class=\"yoast-schema-graph\">{\"@context\":\"https:\/\/schema.org\",\"@graph\":[{\"@type\":\"WebPage\",\"@id\":\"https:\/\/realestatebulk.com\/es\/sell\/\",\"url\":\"https:\/\/realestatebulk.com\/es\/sell\/\",\"name\":\"Vender - Bulk Real Estate\",\"isPartOf\":{\"@id\":\"https:\/\/realestatebulk.com\/es\/#website\"},\"datePublished\":\"2025-05-19T06:09:29+00:00\",\"dateModified\":\"2025-12-15T13:49:39+00:00\",\"breadcrumb\":{\"@id\":\"https:\/\/realestatebulk.com\/es\/sell\/#breadcrumb\"},\"inLanguage\":\"es\",\"potentialAction\":[{\"@type\":\"ReadAction\",\"target\":[\"https:\/\/realestatebulk.com\/es\/sell\/\"]}]},{\"@type\":\"BreadcrumbList\",\"@id\":\"https:\/\/realestatebulk.com\/es\/sell\/#breadcrumb\",\"itemListElement\":[{\"@type\":\"ListItem\",\"position\":1,\"name\":\"Home\",\"item\":\"https:\/\/realestatebulk.com\/es\/\"},{\"@type\":\"ListItem\",\"position\":2,\"name\":\"Vender\"}]},{\"@type\":\"WebSite\",\"@id\":\"https:\/\/realestatebulk.com\/es\/#website\",\"url\":\"https:\/\/realestatebulk.com\/es\/\",\"name\":\"Bulk Real Estate\",\"description\":\"\",\"potentialAction\":[{\"@type\":\"SearchAction\",\"target\":{\"@type\":\"EntryPoint\",\"urlTemplate\":\"https:\/\/realestatebulk.com\/es\/?s={search_term_string}\"},\"query-input\":{\"@type\":\"PropertyValueSpecification\",\"valueRequired\":true,\"valueName\":\"search_term_string\"}}],\"inLanguage\":\"es\"}]}<\/script>\n<!-- \/ Yoast SEO plugin. -->","yoast_head_json":{"title":"Vender - Bulk Real Estate","robots":{"index":"index","follow":"follow","max-snippet":"max-snippet:-1","max-image-preview":"max-image-preview:large","max-video-preview":"max-video-preview:-1"},"canonical":"https:\/\/realestatebulk.com\/es\/sell\/","og_locale":"es_ES","og_type":"article","og_title":"Vender - Bulk Real Estate","og_description":"\u00bfListo para vender?","og_url":"https:\/\/realestatebulk.com\/es\/sell\/","og_site_name":"Bulk Real Estate","article_modified_time":"2025-12-15T13:49:39+00:00","twitter_card":"summary_large_image","twitter_misc":{"Tiempo de lectura":"3 minutos"},"schema":{"@context":"https:\/\/schema.org","@graph":[{"@type":"WebPage","@id":"https:\/\/realestatebulk.com\/es\/sell\/","url":"https:\/\/realestatebulk.com\/es\/sell\/","name":"Vender - Bulk Real Estate","isPartOf":{"@id":"https:\/\/realestatebulk.com\/es\/#website"},"datePublished":"2025-05-19T06:09:29+00:00","dateModified":"2025-12-15T13:49:39+00:00","breadcrumb":{"@id":"https:\/\/realestatebulk.com\/es\/sell\/#breadcrumb"},"inLanguage":"es","potentialAction":[{"@type":"ReadAction","target":["https:\/\/realestatebulk.com\/es\/sell\/"]}]},{"@type":"BreadcrumbList","@id":"https:\/\/realestatebulk.com\/es\/sell\/#breadcrumb","itemListElement":[{"@type":"ListItem","position":1,"name":"Home","item":"https:\/\/realestatebulk.com\/es\/"},{"@type":"ListItem","position":2,"name":"Vender"}]},{"@type":"WebSite","@id":"https:\/\/realestatebulk.com\/es\/#website","url":"https:\/\/realestatebulk.com\/es\/","name":"Bulk Real Estate","description":"","potentialAction":[{"@type":"SearchAction","target":{"@type":"EntryPoint","urlTemplate":"https:\/\/realestatebulk.com\/es\/?s={search_term_string}"},"query-input":{"@type":"PropertyValueSpecification","valueRequired":true,"valueName":"search_term_string"}}],"inLanguage":"es"}]}},"_links":{"self":[{"href":"https:\/\/realestatebulk.com\/es\/wp-json\/wp\/v2\/pages\/110874","targetHints":{"allow":["GET"]}}],"collection":[{"href":"https:\/\/realestatebulk.com\/es\/wp-json\/wp\/v2\/pages"}],"about":[{"href":"https:\/\/realestatebulk.com\/es\/wp-json\/wp\/v2\/types\/page"}],"author":[{"embeddable":true,"href":"https:\/\/realestatebulk.com\/es\/wp-json\/wp\/v2\/users\/1"}],"replies":[{"embeddable":true,"href":"https:\/\/realestatebulk.com\/es\/wp-json\/wp\/v2\/comments?post=110874"}],"version-history":[{"count":14,"href":"https:\/\/realestatebulk.com\/es\/wp-json\/wp\/v2\/pages\/110874\/revisions"}],"predecessor-version":[{"id":123752,"href":"https:\/\/realestatebulk.com\/es\/wp-json\/wp\/v2\/pages\/110874\/revisions\/123752"}],"wp:attachment":[{"href":"https:\/\/realestatebulk.com\/es\/wp-json\/wp\/v2\/media?parent=110874"}],"wp:term":[{"taxonomy":"page-category","embeddable":true,"href":"https:\/\/realestatebulk.com\/es\/wp-json\/wp\/v2\/page-category?post=110874"}],"curies":[{"name":"wp","href":"https:\/\/api.w.org\/{rel}","templated":true}]}}