{"id":97599,"date":"2023-01-24T17:41:01","date_gmt":"2023-01-24T17:41:01","guid":{"rendered":"https:\/\/realestatebulk.com\/inicio\/"},"modified":"2025-12-13T12:02:43","modified_gmt":"2025-12-13T12:02:43","slug":"inicio","status":"publish","type":"page","link":"https:\/\/realestatebulk.com\/es\/","title":{"rendered":"Inicio"},"content":{"rendered":"\n<section class=\"hero\">\n<div class=\"container-full\">\n<div class=\"row g-0 align-items-center flex-row-reverse\">\n<div class=\"col-lg\">\n<div class=\"overflow-hidden\">\n\n    \n        <img loading=\"lazy\" decoding=\"async\" data-speed=\"auto\" style=\"object-position: 100% 50%; scale: 110%;\"\n                        src=\"https:\/\/realestatebulk.com\/wp-content\/uploads\/2025\/06\/Bulk-Home-pic-1.png\"\n            width=\"2048\"\n            height=\"1168\"\n            class=' w-100 vh-50 vh-lg-75 vh-xxl-100 object-fit-cover'             \/>\n\n        \n<\/div>\n<\/div>\n\n\n\n<div class=\"col-lg-5 col-xxl-4\">\n<div class=\"position-relative z-1 ms-lg-100 ms-xxl-200 pt-50 px-30 p-lg-0\">\n<h1 class=\"lh-sm\">Encu\u00e9ntralo,<br>\u00c1malo,<br>Qu\u00e9datelo<\/h1>\n<\/div>\n<\/div>\n<\/div>\n<\/div>\n<\/section>\n\n\n\n\n    <h2>\n        Home Text    <\/h2>\n\n\n\n\n    <h2>\n            <\/h2>\n\n\n\n\n    <h2>\n        Top Areas    <\/h2>\n\n\n\n\n    <h2>\n        Home Landings    <\/h2>\n\n\n\n    <h2>\n        Selling Cta    <\/h2>\n\n\n\n\n    <h2>\n        Testimonials    <\/h2>\n","protected":false},"excerpt":{"rendered":"<p>Encu\u00e9ntralo,\u00c1malo,Qu\u00e9datelo<\/p>\n","protected":false},"author":1,"featured_media":0,"parent":0,"menu_order":0,"comment_status":"closed","ping_status":"closed","template":"","meta":{"content-type":"","footnotes":""},"page-category":[],"class_list":["post-97599","page","type-page","status-publish","hentry"],"yoast_head":"<!-- This site is optimized with the Yoast SEO plugin v27.3 - https:\/\/yoast.com\/product\/yoast-seo-wordpress\/ -->\n<title>Inmobiliaria Marbella - Propiedades en venta en la Costa del sol<\/title>\n<meta name=\"description\" content=\"Inmobiliaria Marbella, En Bulk marcamos la diferencia con nuestro trato personalizado, tenemos las mejores oportunidades en Marbella.\" \/>\n<meta name=\"robots\" content=\"index, follow, max-snippet:-1, max-image-preview:large, max-video-preview:-1\" \/>\n<link rel=\"canonical\" href=\"https:\/\/realestatebulk.com\/es\/\" \/>\n<meta property=\"og:locale\" content=\"es_ES\" \/>\n<meta property=\"og:type\" content=\"article\" \/>\n<meta property=\"og:title\" content=\"Inmobiliaria Marbella - Propiedades en venta en la Costa del sol\" \/>\n<meta property=\"og:description\" content=\"Inmobiliaria Marbella, En Bulk marcamos la diferencia con nuestro trato personalizado, tenemos las mejores oportunidades en Marbella.\" \/>\n<meta property=\"og:url\" content=\"https:\/\/realestatebulk.com\/es\/\" \/>\n<meta property=\"og:site_name\" content=\"Bulk Real Estate\" \/>\n<meta property=\"article:modified_time\" content=\"2025-12-13T12:02:43+00:00\" \/>\n<meta name=\"twitter:card\" content=\"summary_large_image\" \/>\n<meta name=\"twitter:label1\" content=\"Tiempo de lectura\" \/>\n\t<meta name=\"twitter:data1\" content=\"1 minuto\" \/>\n<script type=\"application\/ld+json\" class=\"yoast-schema-graph\">{\"@context\":\"https:\\\/\\\/schema.org\",\"@graph\":[{\"@type\":\"WebPage\",\"@id\":\"https:\\\/\\\/realestatebulk.com\\\/es\\\/\",\"url\":\"https:\\\/\\\/realestatebulk.com\\\/es\\\/\",\"name\":\"Inmobiliaria Marbella - Propiedades en venta en la Costa del sol\",\"isPartOf\":{\"@id\":\"https:\\\/\\\/realestatebulk.com\\\/es\\\/#website\"},\"datePublished\":\"2023-01-24T17:41:01+00:00\",\"dateModified\":\"2025-12-13T12:02:43+00:00\",\"description\":\"Inmobiliaria Marbella, En Bulk marcamos la diferencia con nuestro trato personalizado, tenemos las mejores oportunidades en Marbella.\",\"breadcrumb\":{\"@id\":\"https:\\\/\\\/realestatebulk.com\\\/es\\\/#breadcrumb\"},\"inLanguage\":\"es\",\"potentialAction\":[{\"@type\":\"ReadAction\",\"target\":[\"https:\\\/\\\/realestatebulk.com\\\/es\\\/\"]}]},{\"@type\":\"BreadcrumbList\",\"@id\":\"https:\\\/\\\/realestatebulk.com\\\/es\\\/#breadcrumb\",\"itemListElement\":[{\"@type\":\"ListItem\",\"position\":1,\"name\":\"Home\",\"item\":\"https:\\\/\\\/realestatebulk.com\\\/es\\\/\"},{\"@type\":\"ListItem\",\"position\":2,\"name\":\"Inicio\"}]},{\"@type\":\"WebSite\",\"@id\":\"https:\\\/\\\/realestatebulk.com\\\/es\\\/#website\",\"url\":\"https:\\\/\\\/realestatebulk.com\\\/es\\\/\",\"name\":\"Bulk Real Estate\",\"description\":\"\",\"potentialAction\":[{\"@type\":\"SearchAction\",\"target\":{\"@type\":\"EntryPoint\",\"urlTemplate\":\"https:\\\/\\\/realestatebulk.com\\\/es\\\/?s={search_term_string}\"},\"query-input\":{\"@type\":\"PropertyValueSpecification\",\"valueRequired\":true,\"valueName\":\"search_term_string\"}}],\"inLanguage\":\"es\"}]}<\/script>\n<!-- \/ Yoast SEO plugin. -->","yoast_head_json":{"title":"Inmobiliaria Marbella - Propiedades en venta en la Costa del sol","description":"Inmobiliaria Marbella, En Bulk marcamos la diferencia con nuestro trato personalizado, tenemos las mejores oportunidades en Marbella.","robots":{"index":"index","follow":"follow","max-snippet":"max-snippet:-1","max-image-preview":"max-image-preview:large","max-video-preview":"max-video-preview:-1"},"canonical":"https:\/\/realestatebulk.com\/es\/","og_locale":"es_ES","og_type":"article","og_title":"Inmobiliaria Marbella - Propiedades en venta en la Costa del sol","og_description":"Inmobiliaria Marbella, En Bulk marcamos la diferencia con nuestro trato personalizado, tenemos las mejores oportunidades en Marbella.","og_url":"https:\/\/realestatebulk.com\/es\/","og_site_name":"Bulk Real Estate","article_modified_time":"2025-12-13T12:02:43+00:00","twitter_card":"summary_large_image","twitter_misc":{"Tiempo de lectura":"1 minuto"},"schema":{"@context":"https:\/\/schema.org","@graph":[{"@type":"WebPage","@id":"https:\/\/realestatebulk.com\/es\/","url":"https:\/\/realestatebulk.com\/es\/","name":"Inmobiliaria Marbella - Propiedades en venta en la Costa del sol","isPartOf":{"@id":"https:\/\/realestatebulk.com\/es\/#website"},"datePublished":"2023-01-24T17:41:01+00:00","dateModified":"2025-12-13T12:02:43+00:00","description":"Inmobiliaria Marbella, En Bulk marcamos la diferencia con nuestro trato personalizado, tenemos las mejores oportunidades en Marbella.","breadcrumb":{"@id":"https:\/\/realestatebulk.com\/es\/#breadcrumb"},"inLanguage":"es","potentialAction":[{"@type":"ReadAction","target":["https:\/\/realestatebulk.com\/es\/"]}]},{"@type":"BreadcrumbList","@id":"https:\/\/realestatebulk.com\/es\/#breadcrumb","itemListElement":[{"@type":"ListItem","position":1,"name":"Home","item":"https:\/\/realestatebulk.com\/es\/"},{"@type":"ListItem","position":2,"name":"Inicio"}]},{"@type":"WebSite","@id":"https:\/\/realestatebulk.com\/es\/#website","url":"https:\/\/realestatebulk.com\/es\/","name":"Bulk Real Estate","description":"","potentialAction":[{"@type":"SearchAction","target":{"@type":"EntryPoint","urlTemplate":"https:\/\/realestatebulk.com\/es\/?s={search_term_string}"},"query-input":{"@type":"PropertyValueSpecification","valueRequired":true,"valueName":"search_term_string"}}],"inLanguage":"es"}]}},"_links":{"self":[{"href":"https:\/\/realestatebulk.com\/es\/wp-json\/wp\/v2\/pages\/97599","targetHints":{"allow":["GET"]}}],"collection":[{"href":"https:\/\/realestatebulk.com\/es\/wp-json\/wp\/v2\/pages"}],"about":[{"href":"https:\/\/realestatebulk.com\/es\/wp-json\/wp\/v2\/types\/page"}],"author":[{"embeddable":true,"href":"https:\/\/realestatebulk.com\/es\/wp-json\/wp\/v2\/users\/1"}],"replies":[{"embeddable":true,"href":"https:\/\/realestatebulk.com\/es\/wp-json\/wp\/v2\/comments?post=97599"}],"version-history":[{"count":21,"href":"https:\/\/realestatebulk.com\/es\/wp-json\/wp\/v2\/pages\/97599\/revisions"}],"predecessor-version":[{"id":123682,"href":"https:\/\/realestatebulk.com\/es\/wp-json\/wp\/v2\/pages\/97599\/revisions\/123682"}],"wp:attachment":[{"href":"https:\/\/realestatebulk.com\/es\/wp-json\/wp\/v2\/media?parent=97599"}],"wp:term":[{"taxonomy":"page-category","embeddable":true,"href":"https:\/\/realestatebulk.com\/es\/wp-json\/wp\/v2\/page-category?post=97599"}],"curies":[{"name":"wp","href":"https:\/\/api.w.org\/{rel}","templated":true}]}}