{"id":97604,"date":"2023-01-29T14:45:36","date_gmt":"2023-01-29T14:45:36","guid":{"rendered":"https:\/\/realestatebulk.com\/frente-a-la-playa\/"},"modified":"2024-11-07T11:14:25","modified_gmt":"2024-11-07T11:14:25","slug":"frente-a-la-playa","status":"publish","type":"page","link":"https:\/\/realestatebulk.com\/es\/frente-a-la-playa\/","title":{"rendered":"Frente a la playa"},"content":{"rendered":"\n\n    <h2>\n        Properties Listing    <\/h2>\n\n\n\n<p><\/p>\n","protected":false},"excerpt":{"rendered":"","protected":false},"author":1,"featured_media":97427,"parent":0,"menu_order":0,"comment_status":"closed","ping_status":"closed","template":"","meta":{"content-type":"","footnotes":""},"page-category":[],"class_list":["post-97604","page","type-page","status-publish","has-post-thumbnail","hentry"],"yoast_head":"<!-- This site is optimized with the Yoast SEO plugin v27.3 - https:\/\/yoast.com\/product\/yoast-seo-wordpress\/ -->\n<title>Propiedades en primera l\u00ednea de playa en Marbella y la Costa del Sol, descubre nuestra selecci\u00f3n<\/title>\n<meta name=\"description\" content=\"En Bulk hemos seleccionado las mejores propiedades en primera l\u00ednea de playa de Marbella y en las mejores zonas de la Costa del Sol. Descubre nuestras propiedades\" \/>\n<meta name=\"robots\" content=\"index, follow, max-snippet:-1, max-image-preview:large, max-video-preview:-1\" \/>\n<link rel=\"canonical\" href=\"https:\/\/realestatebulk.com\/es\/frente-a-la-playa\/\" \/>\n<meta property=\"og:locale\" content=\"es_ES\" \/>\n<meta property=\"og:type\" content=\"article\" \/>\n<meta property=\"og:title\" content=\"Propiedades en primera l\u00ednea de playa en Marbella y la Costa del Sol, descubre nuestra selecci\u00f3n\" \/>\n<meta property=\"og:description\" content=\"En Bulk hemos seleccionado las mejores propiedades en primera l\u00ednea de playa de Marbella y en las mejores zonas de la Costa del Sol. Descubre nuestras propiedades\" \/>\n<meta property=\"og:url\" content=\"https:\/\/realestatebulk.com\/es\/frente-a-la-playa\/\" \/>\n<meta property=\"og:site_name\" content=\"Bulk Real Estate\" \/>\n<meta property=\"article:modified_time\" content=\"2024-11-07T11:14:25+00:00\" \/>\n<meta property=\"og:image\" content=\"https:\/\/realestatebulk.com\/wp-content\/uploads\/2023\/03\/beachfront.jpg\" \/>\n\t<meta property=\"og:image:width\" content=\"396\" \/>\n\t<meta property=\"og:image:height\" content=\"614\" \/>\n\t<meta property=\"og:image:type\" content=\"image\/jpeg\" \/>\n<meta name=\"twitter:card\" content=\"summary_large_image\" \/>\n<meta name=\"twitter:label1\" content=\"Tiempo de lectura\" \/>\n\t<meta name=\"twitter:data1\" content=\"1 minuto\" \/>\n<script type=\"application\/ld+json\" class=\"yoast-schema-graph\">{\"@context\":\"https:\\\/\\\/schema.org\",\"@graph\":[{\"@type\":\"WebPage\",\"@id\":\"https:\\\/\\\/realestatebulk.com\\\/es\\\/frente-a-la-playa\\\/\",\"url\":\"https:\\\/\\\/realestatebulk.com\\\/es\\\/frente-a-la-playa\\\/\",\"name\":\"Propiedades en primera l\u00ednea de playa en Marbella y la Costa del Sol, descubre nuestra selecci\u00f3n\",\"isPartOf\":{\"@id\":\"https:\\\/\\\/realestatebulk.com\\\/es\\\/#website\"},\"primaryImageOfPage\":{\"@id\":\"https:\\\/\\\/realestatebulk.com\\\/es\\\/frente-a-la-playa\\\/#primaryimage\"},\"image\":{\"@id\":\"https:\\\/\\\/realestatebulk.com\\\/es\\\/frente-a-la-playa\\\/#primaryimage\"},\"thumbnailUrl\":\"https:\\\/\\\/realestatebulk.com\\\/wp-content\\\/uploads\\\/2023\\\/03\\\/beachfront.jpg\",\"datePublished\":\"2023-01-29T14:45:36+00:00\",\"dateModified\":\"2024-11-07T11:14:25+00:00\",\"description\":\"En Bulk hemos seleccionado las mejores propiedades en primera l\u00ednea de playa de Marbella y en las mejores zonas de la Costa del Sol. Descubre nuestras propiedades\",\"breadcrumb\":{\"@id\":\"https:\\\/\\\/realestatebulk.com\\\/es\\\/frente-a-la-playa\\\/#breadcrumb\"},\"inLanguage\":\"es\",\"potentialAction\":[{\"@type\":\"ReadAction\",\"target\":[\"https:\\\/\\\/realestatebulk.com\\\/es\\\/frente-a-la-playa\\\/\"]}]},{\"@type\":\"ImageObject\",\"inLanguage\":\"es\",\"@id\":\"https:\\\/\\\/realestatebulk.com\\\/es\\\/frente-a-la-playa\\\/#primaryimage\",\"url\":\"https:\\\/\\\/realestatebulk.com\\\/wp-content\\\/uploads\\\/2023\\\/03\\\/beachfront.jpg\",\"contentUrl\":\"https:\\\/\\\/realestatebulk.com\\\/wp-content\\\/uploads\\\/2023\\\/03\\\/beachfront.jpg\",\"width\":396,\"height\":614},{\"@type\":\"BreadcrumbList\",\"@id\":\"https:\\\/\\\/realestatebulk.com\\\/es\\\/frente-a-la-playa\\\/#breadcrumb\",\"itemListElement\":[{\"@type\":\"ListItem\",\"position\":1,\"name\":\"Home\",\"item\":\"https:\\\/\\\/realestatebulk.com\\\/es\\\/\"},{\"@type\":\"ListItem\",\"position\":2,\"name\":\"Frente a la playa\"}]},{\"@type\":\"WebSite\",\"@id\":\"https:\\\/\\\/realestatebulk.com\\\/es\\\/#website\",\"url\":\"https:\\\/\\\/realestatebulk.com\\\/es\\\/\",\"name\":\"Bulk Real Estate\",\"description\":\"\",\"potentialAction\":[{\"@type\":\"SearchAction\",\"target\":{\"@type\":\"EntryPoint\",\"urlTemplate\":\"https:\\\/\\\/realestatebulk.com\\\/es\\\/?s={search_term_string}\"},\"query-input\":{\"@type\":\"PropertyValueSpecification\",\"valueRequired\":true,\"valueName\":\"search_term_string\"}}],\"inLanguage\":\"es\"}]}<\/script>\n<!-- \/ Yoast SEO plugin. -->","yoast_head_json":{"title":"Propiedades en primera l\u00ednea de playa en Marbella y la Costa del Sol, descubre nuestra selecci\u00f3n","description":"En Bulk hemos seleccionado las mejores propiedades en primera l\u00ednea de playa de Marbella y en las mejores zonas de la Costa del Sol. Descubre nuestras propiedades","robots":{"index":"index","follow":"follow","max-snippet":"max-snippet:-1","max-image-preview":"max-image-preview:large","max-video-preview":"max-video-preview:-1"},"canonical":"https:\/\/realestatebulk.com\/es\/frente-a-la-playa\/","og_locale":"es_ES","og_type":"article","og_title":"Propiedades en primera l\u00ednea de playa en Marbella y la Costa del Sol, descubre nuestra selecci\u00f3n","og_description":"En Bulk hemos seleccionado las mejores propiedades en primera l\u00ednea de playa de Marbella y en las mejores zonas de la Costa del Sol. Descubre nuestras propiedades","og_url":"https:\/\/realestatebulk.com\/es\/frente-a-la-playa\/","og_site_name":"Bulk Real Estate","article_modified_time":"2024-11-07T11:14:25+00:00","og_image":[{"width":396,"height":614,"url":"https:\/\/realestatebulk.com\/wp-content\/uploads\/2023\/03\/beachfront.jpg","type":"image\/jpeg"}],"twitter_card":"summary_large_image","twitter_misc":{"Tiempo de lectura":"1 minuto"},"schema":{"@context":"https:\/\/schema.org","@graph":[{"@type":"WebPage","@id":"https:\/\/realestatebulk.com\/es\/frente-a-la-playa\/","url":"https:\/\/realestatebulk.com\/es\/frente-a-la-playa\/","name":"Propiedades en primera l\u00ednea de playa en Marbella y la Costa del Sol, descubre nuestra selecci\u00f3n","isPartOf":{"@id":"https:\/\/realestatebulk.com\/es\/#website"},"primaryImageOfPage":{"@id":"https:\/\/realestatebulk.com\/es\/frente-a-la-playa\/#primaryimage"},"image":{"@id":"https:\/\/realestatebulk.com\/es\/frente-a-la-playa\/#primaryimage"},"thumbnailUrl":"https:\/\/realestatebulk.com\/wp-content\/uploads\/2023\/03\/beachfront.jpg","datePublished":"2023-01-29T14:45:36+00:00","dateModified":"2024-11-07T11:14:25+00:00","description":"En Bulk hemos seleccionado las mejores propiedades en primera l\u00ednea de playa de Marbella y en las mejores zonas de la Costa del Sol. Descubre nuestras propiedades","breadcrumb":{"@id":"https:\/\/realestatebulk.com\/es\/frente-a-la-playa\/#breadcrumb"},"inLanguage":"es","potentialAction":[{"@type":"ReadAction","target":["https:\/\/realestatebulk.com\/es\/frente-a-la-playa\/"]}]},{"@type":"ImageObject","inLanguage":"es","@id":"https:\/\/realestatebulk.com\/es\/frente-a-la-playa\/#primaryimage","url":"https:\/\/realestatebulk.com\/wp-content\/uploads\/2023\/03\/beachfront.jpg","contentUrl":"https:\/\/realestatebulk.com\/wp-content\/uploads\/2023\/03\/beachfront.jpg","width":396,"height":614},{"@type":"BreadcrumbList","@id":"https:\/\/realestatebulk.com\/es\/frente-a-la-playa\/#breadcrumb","itemListElement":[{"@type":"ListItem","position":1,"name":"Home","item":"https:\/\/realestatebulk.com\/es\/"},{"@type":"ListItem","position":2,"name":"Frente a la playa"}]},{"@type":"WebSite","@id":"https:\/\/realestatebulk.com\/es\/#website","url":"https:\/\/realestatebulk.com\/es\/","name":"Bulk Real Estate","description":"","potentialAction":[{"@type":"SearchAction","target":{"@type":"EntryPoint","urlTemplate":"https:\/\/realestatebulk.com\/es\/?s={search_term_string}"},"query-input":{"@type":"PropertyValueSpecification","valueRequired":true,"valueName":"search_term_string"}}],"inLanguage":"es"}]}},"_links":{"self":[{"href":"https:\/\/realestatebulk.com\/es\/wp-json\/wp\/v2\/pages\/97604","targetHints":{"allow":["GET"]}}],"collection":[{"href":"https:\/\/realestatebulk.com\/es\/wp-json\/wp\/v2\/pages"}],"about":[{"href":"https:\/\/realestatebulk.com\/es\/wp-json\/wp\/v2\/types\/page"}],"author":[{"embeddable":true,"href":"https:\/\/realestatebulk.com\/es\/wp-json\/wp\/v2\/users\/1"}],"replies":[{"embeddable":true,"href":"https:\/\/realestatebulk.com\/es\/wp-json\/wp\/v2\/comments?post=97604"}],"version-history":[{"count":2,"href":"https:\/\/realestatebulk.com\/es\/wp-json\/wp\/v2\/pages\/97604\/revisions"}],"predecessor-version":[{"id":97658,"href":"https:\/\/realestatebulk.com\/es\/wp-json\/wp\/v2\/pages\/97604\/revisions\/97658"}],"wp:featuredmedia":[{"embeddable":true,"href":"https:\/\/realestatebulk.com\/es\/wp-json\/wp\/v2\/media\/97427"}],"wp:attachment":[{"href":"https:\/\/realestatebulk.com\/es\/wp-json\/wp\/v2\/media?parent=97604"}],"wp:term":[{"taxonomy":"page-category","embeddable":true,"href":"https:\/\/realestatebulk.com\/es\/wp-json\/wp\/v2\/page-category?post=97604"}],"curies":[{"name":"wp","href":"https:\/\/api.w.org\/{rel}","templated":true}]}}