{"id":97606,"date":"2023-01-29T16:04:29","date_gmt":"2023-01-29T16:04:29","guid":{"rendered":"https:\/\/realestatebulk.com\/acerca-de\/"},"modified":"2025-05-16T13:14:11","modified_gmt":"2025-05-16T13:14:11","slug":"acerca-de","status":"publish","type":"page","link":"https:\/\/realestatebulk.com\/es\/acerca-de\/","title":{"rendered":"Nosotros"},"content":{"rendered":"\n\n    <h2>\n        About Text    <\/h2>\n\n\n\n<section    class='about-founder bg-white py-110'    >\n    \n\n<div    class='container'    >\n    \n\n<div    class='row align-items-center g-60 g-lg-120'    >\n    \n\n<div    class='col-lg-6'    >\n    \n\n\n    \n        <img loading=\"lazy\" decoding=\"async\"\n                        src=\"https:\/\/realestatebulk.com\/wp-content\/uploads\/2025\/05\/Sergio-about.jpg\"\n            width=\"1018\"\n            height=\"1200\"\n            class='w-full h-auto'             \/>\n\n        \n\n\n<\/div>\n\n\n<div    class='col-lg-6'    >\n    \n\n\n    \n        <img loading=\"lazy\" decoding=\"async\"\n                        src=\"https:\/\/realestatebulk.com\/wp-content\/uploads\/2025\/05\/Sergio-about.jpg\"\n            width=\"1018\"\n            height=\"1200\"\n            class='w-full h-auto'             \/>\n\n        \n\n\n<\/div>\n\n<\/div>\n\n<\/div>\n\n<\/section>\n\n\n\n    <h2>\n        About Team    <\/h2>\n\n\n\n\n    <h2>\n        Testimonials    <\/h2>\n","protected":false},"excerpt":{"rendered":"","protected":false},"author":1,"featured_media":0,"parent":0,"menu_order":0,"comment_status":"closed","ping_status":"closed","template":"","meta":{"content-type":"","footnotes":""},"page-category":[],"class_list":["post-97606","page","type-page","status-publish","hentry"],"yoast_head":"<!-- This site is optimized with the Yoast SEO plugin v27.3 - https:\/\/yoast.com\/product\/yoast-seo-wordpress\/ -->\n<title>Bulk Estates | Inmobiliaria en Marbella | Propiedades en venta<\/title>\n<meta name=\"description\" content=\"Bulk Estates Marbella es la primera agencia inmobiliaria de Marbella, Nuestra misi\u00f3n es, proporcionar servicios inmobiliarios que van m\u00e1s all\u00e1 de los deseos de nuestros clientes.\" \/>\n<meta name=\"robots\" content=\"index, follow, max-snippet:-1, max-image-preview:large, max-video-preview:-1\" \/>\n<link rel=\"canonical\" href=\"https:\/\/realestatebulk.com\/es\/acerca-de\/\" \/>\n<meta property=\"og:locale\" content=\"es_ES\" \/>\n<meta property=\"og:type\" content=\"article\" \/>\n<meta property=\"og:title\" content=\"Bulk Estates | Inmobiliaria en Marbella | Propiedades en venta\" \/>\n<meta property=\"og:description\" content=\"Bulk Estates Marbella es la primera agencia inmobiliaria de Marbella, Nuestra misi\u00f3n es, proporcionar servicios inmobiliarios que van m\u00e1s all\u00e1 de los deseos de nuestros clientes.\" \/>\n<meta property=\"og:url\" content=\"https:\/\/realestatebulk.com\/es\/acerca-de\/\" \/>\n<meta property=\"og:site_name\" content=\"Bulk Real Estate\" \/>\n<meta property=\"article:modified_time\" content=\"2025-05-16T13:14:11+00:00\" \/>\n<meta name=\"twitter:card\" content=\"summary_large_image\" \/>\n<meta name=\"twitter:label1\" content=\"Tiempo de lectura\" \/>\n\t<meta name=\"twitter:data1\" content=\"1 minuto\" \/>\n<script type=\"application\/ld+json\" class=\"yoast-schema-graph\">{\"@context\":\"https:\\\/\\\/schema.org\",\"@graph\":[{\"@type\":\"WebPage\",\"@id\":\"https:\\\/\\\/realestatebulk.com\\\/es\\\/acerca-de\\\/\",\"url\":\"https:\\\/\\\/realestatebulk.com\\\/es\\\/acerca-de\\\/\",\"name\":\"Bulk Estates | Inmobiliaria en Marbella | Propiedades en venta\",\"isPartOf\":{\"@id\":\"https:\\\/\\\/realestatebulk.com\\\/es\\\/#website\"},\"datePublished\":\"2023-01-29T16:04:29+00:00\",\"dateModified\":\"2025-05-16T13:14:11+00:00\",\"description\":\"Bulk Estates Marbella es la primera agencia inmobiliaria de Marbella, Nuestra misi\u00f3n es, proporcionar servicios inmobiliarios que van m\u00e1s all\u00e1 de los deseos de nuestros clientes.\",\"breadcrumb\":{\"@id\":\"https:\\\/\\\/realestatebulk.com\\\/es\\\/acerca-de\\\/#breadcrumb\"},\"inLanguage\":\"es\",\"potentialAction\":[{\"@type\":\"ReadAction\",\"target\":[\"https:\\\/\\\/realestatebulk.com\\\/es\\\/acerca-de\\\/\"]}]},{\"@type\":\"BreadcrumbList\",\"@id\":\"https:\\\/\\\/realestatebulk.com\\\/es\\\/acerca-de\\\/#breadcrumb\",\"itemListElement\":[{\"@type\":\"ListItem\",\"position\":1,\"name\":\"Home\",\"item\":\"https:\\\/\\\/realestatebulk.com\\\/es\\\/\"},{\"@type\":\"ListItem\",\"position\":2,\"name\":\"Nosotros\"}]},{\"@type\":\"WebSite\",\"@id\":\"https:\\\/\\\/realestatebulk.com\\\/es\\\/#website\",\"url\":\"https:\\\/\\\/realestatebulk.com\\\/es\\\/\",\"name\":\"Bulk Real Estate\",\"description\":\"\",\"potentialAction\":[{\"@type\":\"SearchAction\",\"target\":{\"@type\":\"EntryPoint\",\"urlTemplate\":\"https:\\\/\\\/realestatebulk.com\\\/es\\\/?s={search_term_string}\"},\"query-input\":{\"@type\":\"PropertyValueSpecification\",\"valueRequired\":true,\"valueName\":\"search_term_string\"}}],\"inLanguage\":\"es\"}]}<\/script>\n<!-- \/ Yoast SEO plugin. -->","yoast_head_json":{"title":"Bulk Estates | Inmobiliaria en Marbella | Propiedades en venta","description":"Bulk Estates Marbella es la primera agencia inmobiliaria de Marbella, Nuestra misi\u00f3n es, proporcionar servicios inmobiliarios que van m\u00e1s all\u00e1 de los deseos de nuestros clientes.","robots":{"index":"index","follow":"follow","max-snippet":"max-snippet:-1","max-image-preview":"max-image-preview:large","max-video-preview":"max-video-preview:-1"},"canonical":"https:\/\/realestatebulk.com\/es\/acerca-de\/","og_locale":"es_ES","og_type":"article","og_title":"Bulk Estates | Inmobiliaria en Marbella | Propiedades en venta","og_description":"Bulk Estates Marbella es la primera agencia inmobiliaria de Marbella, Nuestra misi\u00f3n es, proporcionar servicios inmobiliarios que van m\u00e1s all\u00e1 de los deseos de nuestros clientes.","og_url":"https:\/\/realestatebulk.com\/es\/acerca-de\/","og_site_name":"Bulk Real Estate","article_modified_time":"2025-05-16T13:14:11+00:00","twitter_card":"summary_large_image","twitter_misc":{"Tiempo de lectura":"1 minuto"},"schema":{"@context":"https:\/\/schema.org","@graph":[{"@type":"WebPage","@id":"https:\/\/realestatebulk.com\/es\/acerca-de\/","url":"https:\/\/realestatebulk.com\/es\/acerca-de\/","name":"Bulk Estates | Inmobiliaria en Marbella | Propiedades en venta","isPartOf":{"@id":"https:\/\/realestatebulk.com\/es\/#website"},"datePublished":"2023-01-29T16:04:29+00:00","dateModified":"2025-05-16T13:14:11+00:00","description":"Bulk Estates Marbella es la primera agencia inmobiliaria de Marbella, Nuestra misi\u00f3n es, proporcionar servicios inmobiliarios que van m\u00e1s all\u00e1 de los deseos de nuestros clientes.","breadcrumb":{"@id":"https:\/\/realestatebulk.com\/es\/acerca-de\/#breadcrumb"},"inLanguage":"es","potentialAction":[{"@type":"ReadAction","target":["https:\/\/realestatebulk.com\/es\/acerca-de\/"]}]},{"@type":"BreadcrumbList","@id":"https:\/\/realestatebulk.com\/es\/acerca-de\/#breadcrumb","itemListElement":[{"@type":"ListItem","position":1,"name":"Home","item":"https:\/\/realestatebulk.com\/es\/"},{"@type":"ListItem","position":2,"name":"Nosotros"}]},{"@type":"WebSite","@id":"https:\/\/realestatebulk.com\/es\/#website","url":"https:\/\/realestatebulk.com\/es\/","name":"Bulk Real Estate","description":"","potentialAction":[{"@type":"SearchAction","target":{"@type":"EntryPoint","urlTemplate":"https:\/\/realestatebulk.com\/es\/?s={search_term_string}"},"query-input":{"@type":"PropertyValueSpecification","valueRequired":true,"valueName":"search_term_string"}}],"inLanguage":"es"}]}},"_links":{"self":[{"href":"https:\/\/realestatebulk.com\/es\/wp-json\/wp\/v2\/pages\/97606","targetHints":{"allow":["GET"]}}],"collection":[{"href":"https:\/\/realestatebulk.com\/es\/wp-json\/wp\/v2\/pages"}],"about":[{"href":"https:\/\/realestatebulk.com\/es\/wp-json\/wp\/v2\/types\/page"}],"author":[{"embeddable":true,"href":"https:\/\/realestatebulk.com\/es\/wp-json\/wp\/v2\/users\/1"}],"replies":[{"embeddable":true,"href":"https:\/\/realestatebulk.com\/es\/wp-json\/wp\/v2\/comments?post=97606"}],"version-history":[{"count":15,"href":"https:\/\/realestatebulk.com\/es\/wp-json\/wp\/v2\/pages\/97606\/revisions"}],"predecessor-version":[{"id":110756,"href":"https:\/\/realestatebulk.com\/es\/wp-json\/wp\/v2\/pages\/97606\/revisions\/110756"}],"wp:attachment":[{"href":"https:\/\/realestatebulk.com\/es\/wp-json\/wp\/v2\/media?parent=97606"}],"wp:term":[{"taxonomy":"page-category","embeddable":true,"href":"https:\/\/realestatebulk.com\/es\/wp-json\/wp\/v2\/page-category?post=97606"}],"curies":[{"name":"wp","href":"https:\/\/api.w.org\/{rel}","templated":true}]}}